{"id":756,"date":"2022-04-06T20:06:31","date_gmt":"2022-04-06T20:06:31","guid":{"rendered":"https:\/\/cleanlaundryexpress.com\/?page_id=756"},"modified":"2025-06-04T12:28:48","modified_gmt":"2025-06-04T12:28:48","slug":"laundry-delivery-service","status":"publish","type":"page","link":"https:\/\/cleanlaundryexpress.com\/es\/","title":{"rendered":"Servicio de lavander\u00eda a domicilio"},"content":{"rendered":"<h1>\n\t\t\u00a1Nunca vuelvas a lavar la ropa!\n\t<\/h1>\n\t<p>Ahora ofrecemos servicio de recogida y entrega de ropa para lavar, secar y doblar en \u00e1reas seleccionadas.\u00a0<\/p>\n\t\t\t<a href=\"https:\/\/cleanlaundryexpress.com\/es\/cedar-rapids-iowa\/\" target=\"_self\" role=\"button\">\n\t\t\t\t\t\t\tCedar Rapids\/ Marion, Iowa\n\t\t\t\t\t<\/a>\n\t\t\t<a href=\"https:\/\/cleanlaundryexpress.com\/es\/toledo-ohio\/\" target=\"_self\" role=\"button\">\n\t\t\t\t\t\t\tToledo, OH\n\t\t\t\t\t<\/a>\n\t\t\t<a href=\"https:\/\/cleanlaundryexpress.com\/es\/waterloo-iowa\/\" target=\"_self\" role=\"button\">\n\t\t\t\t\t\t\tWaterloo, Iowa\n\t\t\t\t\t<\/a>\n\t\t\t\t<img loading=\"lazy\" decoding=\"async\" src=\"https:\/\/cleanlaundryexpress.com\/wp-content\/uploads\/2020\/07\/Clean-Laundry-Express-badge-wht-300x300.png\" alt=\"Clean Laundry Express\" itemprop=\"image\" height=\"300\" width=\"300\" title=\"Clean-Laundry-Express-insignia-blanco\" onerror=\"this.style.display='none'\"  \/>","protected":false},"excerpt":{"rendered":"<p>\u00a1No vuelvas a lavar la ropa! Ahora ofrecemos servicio de lavado, secado y doblado, con recogida y entrega en zonas seleccionadas. Cedar Rapids\/ Marion, IA, Toledo, OH, Waterloo, IA<\/p>","protected":false},"author":7,"featured_media":0,"parent":0,"menu_order":0,"comment_status":"closed","ping_status":"closed","template":"tpl-no-header-footer.php","meta":{"footnotes":""},"class_list":["post-756","page","type-page","status-publish","hentry"],"yoast_head":"<!-- This site is optimized with the Yoast SEO plugin v27.5 - https:\/\/yoast.com\/product\/yoast-seo-wordpress\/ -->\n<title>Laundry Delivery Service - Clean Laundry Express<\/title>\n<meta name=\"description\" content=\"Laundry delivery services with free pickup and delivery. We wash, dry, fold, and return to you the next day.\" \/>\n<meta name=\"robots\" content=\"index, follow, max-snippet:-1, max-image-preview:large, max-video-preview:-1\" \/>\n<link rel=\"canonical\" href=\"https:\/\/cleanlaundryexpress.com\/es\/\" \/>\n<meta property=\"og:locale\" content=\"es_MX\" \/>\n<meta property=\"og:type\" content=\"article\" \/>\n<meta property=\"og:title\" content=\"Laundry Delivery Service - Clean Laundry Express\" \/>\n<meta property=\"og:description\" content=\"Laundry delivery services with free pickup and delivery. We wash, dry, fold, and return to you the next day.\" \/>\n<meta property=\"og:url\" content=\"https:\/\/cleanlaundryexpress.com\/es\/\" \/>\n<meta property=\"og:site_name\" content=\"Clean Laundry Express\" \/>\n<meta property=\"article:modified_time\" content=\"2025-06-04T12:28:48+00:00\" \/>\n<meta property=\"og:image\" content=\"https:\/\/cleanlaundryexpress.com\/wp-content\/uploads\/2020\/07\/Clean-Laundry-Express-badge-wht-300x300.png\" \/>\n<meta name=\"twitter:card\" content=\"summary_large_image\" \/>\n<meta name=\"twitter:label1\" content=\"Tiempo de lectura\" \/>\n\t<meta name=\"twitter:data1\" content=\"1 minuto\" \/>\n<script type=\"application\/ld+json\" class=\"yoast-schema-graph\">{\"@context\":\"https:\\\/\\\/schema.org\",\"@graph\":[{\"@type\":\"WebPage\",\"@id\":\"https:\\\/\\\/cleanlaundryexpress.com\\\/\",\"url\":\"https:\\\/\\\/cleanlaundryexpress.com\\\/\",\"name\":\"Laundry Delivery Service - Clean Laundry Express\",\"isPartOf\":{\"@id\":\"https:\\\/\\\/cleanlaundryexpress.com\\\/#website\"},\"primaryImageOfPage\":{\"@id\":\"https:\\\/\\\/cleanlaundryexpress.com\\\/#primaryimage\"},\"image\":{\"@id\":\"https:\\\/\\\/cleanlaundryexpress.com\\\/#primaryimage\"},\"thumbnailUrl\":\"https:\\\/\\\/cleanlaundryexpress.com\\\/wp-content\\\/uploads\\\/2020\\\/07\\\/Clean-Laundry-Express-badge-wht-300x300.png\",\"datePublished\":\"2022-04-06T20:06:31+00:00\",\"dateModified\":\"2025-06-04T12:28:48+00:00\",\"description\":\"Laundry delivery services with free pickup and delivery. We wash, dry, fold, and return to you the next day.\",\"breadcrumb\":{\"@id\":\"https:\\\/\\\/cleanlaundryexpress.com\\\/#breadcrumb\"},\"inLanguage\":\"es\",\"potentialAction\":[{\"@type\":\"ReadAction\",\"target\":[\"https:\\\/\\\/cleanlaundryexpress.com\\\/\"]}]},{\"@type\":\"ImageObject\",\"inLanguage\":\"es\",\"@id\":\"https:\\\/\\\/cleanlaundryexpress.com\\\/#primaryimage\",\"url\":\"https:\\\/\\\/cleanlaundryexpress.com\\\/wp-content\\\/uploads\\\/2020\\\/07\\\/Clean-Laundry-Express-badge-wht-300x300.png\",\"contentUrl\":\"https:\\\/\\\/cleanlaundryexpress.com\\\/wp-content\\\/uploads\\\/2020\\\/07\\\/Clean-Laundry-Express-badge-wht-300x300.png\"},{\"@type\":\"BreadcrumbList\",\"@id\":\"https:\\\/\\\/cleanlaundryexpress.com\\\/#breadcrumb\",\"itemListElement\":[{\"@type\":\"ListItem\",\"position\":1,\"name\":\"Home\",\"item\":\"https:\\\/\\\/cleanlaundryexpress.com\\\/\"},{\"@type\":\"ListItem\",\"position\":2,\"name\":\"Laundry Delivery Service\"}]},{\"@type\":\"WebSite\",\"@id\":\"https:\\\/\\\/cleanlaundryexpress.com\\\/#website\",\"url\":\"https:\\\/\\\/cleanlaundryexpress.com\\\/\",\"name\":\"Clean Laundry Express\",\"description\":\"Wash, Dry, Fold Laundry Service with pickup and delivery\",\"potentialAction\":[{\"@type\":\"SearchAction\",\"target\":{\"@type\":\"EntryPoint\",\"urlTemplate\":\"https:\\\/\\\/cleanlaundryexpress.com\\\/?s={search_term_string}\"},\"query-input\":{\"@type\":\"PropertyValueSpecification\",\"valueRequired\":true,\"valueName\":\"search_term_string\"}}],\"inLanguage\":\"es\"}]}<\/script>\n<!-- \/ Yoast SEO plugin. -->","yoast_head_json":{"title":"Servicio de lavander\u00eda a domicilio - Clean Laundry Express","description":"Servicio de lavander\u00eda a domicilio con recogida y entrega gratuitas. Lavamos, secamos, doblamos y te devolvemos la ropa al d\u00eda siguiente.","robots":{"index":"index","follow":"follow","max-snippet":"max-snippet:-1","max-image-preview":"max-image-preview:large","max-video-preview":"max-video-preview:-1"},"canonical":"https:\/\/cleanlaundryexpress.com\/es\/","og_locale":"es_MX","og_type":"article","og_title":"Laundry Delivery Service - Clean Laundry Express","og_description":"Laundry delivery services with free pickup and delivery. We wash, dry, fold, and return to you the next day.","og_url":"https:\/\/cleanlaundryexpress.com\/es\/","og_site_name":"Clean Laundry Express","article_modified_time":"2025-06-04T12:28:48+00:00","og_image":[{"url":"https:\/\/cleanlaundryexpress.com\/wp-content\/uploads\/2020\/07\/Clean-Laundry-Express-badge-wht-300x300.png","type":"","width":"","height":""}],"twitter_card":"summary_large_image","twitter_misc":{"Tiempo de lectura":"1 minuto"},"schema":{"@context":"https:\/\/schema.org","@graph":[{"@type":"WebPage","@id":"https:\/\/cleanlaundryexpress.com\/","url":"https:\/\/cleanlaundryexpress.com\/","name":"Servicio de lavander\u00eda a domicilio - Clean Laundry Express","isPartOf":{"@id":"https:\/\/cleanlaundryexpress.com\/#website"},"primaryImageOfPage":{"@id":"https:\/\/cleanlaundryexpress.com\/#primaryimage"},"image":{"@id":"https:\/\/cleanlaundryexpress.com\/#primaryimage"},"thumbnailUrl":"https:\/\/cleanlaundryexpress.com\/wp-content\/uploads\/2020\/07\/Clean-Laundry-Express-badge-wht-300x300.png","datePublished":"2022-04-06T20:06:31+00:00","dateModified":"2025-06-04T12:28:48+00:00","description":"Servicio de lavander\u00eda a domicilio con recogida y entrega gratuitas. Lavamos, secamos, doblamos y te devolvemos la ropa al d\u00eda siguiente.","breadcrumb":{"@id":"https:\/\/cleanlaundryexpress.com\/#breadcrumb"},"inLanguage":"es","potentialAction":[{"@type":"ReadAction","target":["https:\/\/cleanlaundryexpress.com\/"]}]},{"@type":"ImageObject","inLanguage":"es","@id":"https:\/\/cleanlaundryexpress.com\/#primaryimage","url":"https:\/\/cleanlaundryexpress.com\/wp-content\/uploads\/2020\/07\/Clean-Laundry-Express-badge-wht-300x300.png","contentUrl":"https:\/\/cleanlaundryexpress.com\/wp-content\/uploads\/2020\/07\/Clean-Laundry-Express-badge-wht-300x300.png"},{"@type":"BreadcrumbList","@id":"https:\/\/cleanlaundryexpress.com\/#breadcrumb","itemListElement":[{"@type":"ListItem","position":1,"name":"Home","item":"https:\/\/cleanlaundryexpress.com\/"},{"@type":"ListItem","position":2,"name":"Laundry Delivery Service"}]},{"@type":"WebSite","@id":"https:\/\/cleanlaundryexpress.com\/#website","url":"https:\/\/cleanlaundryexpress.com\/","name":"Lavander\u00eda Limpia Express","description":"Servicio de lavado, secado y doblado de ropa con recogida y entrega","potentialAction":[{"@type":"SearchAction","target":{"@type":"EntryPoint","urlTemplate":"https:\/\/cleanlaundryexpress.com\/?s={search_term_string}"},"query-input":{"@type":"PropertyValueSpecification","valueRequired":true,"valueName":"search_term_string"}}],"inLanguage":"es"}]}},"_links":{"self":[{"href":"https:\/\/cleanlaundryexpress.com\/es\/wp-json\/wp\/v2\/pages\/756","targetHints":{"allow":["GET"]}}],"collection":[{"href":"https:\/\/cleanlaundryexpress.com\/es\/wp-json\/wp\/v2\/pages"}],"about":[{"href":"https:\/\/cleanlaundryexpress.com\/es\/wp-json\/wp\/v2\/types\/page"}],"author":[{"embeddable":true,"href":"https:\/\/cleanlaundryexpress.com\/es\/wp-json\/wp\/v2\/users\/7"}],"replies":[{"embeddable":true,"href":"https:\/\/cleanlaundryexpress.com\/es\/wp-json\/wp\/v2\/comments?post=756"}],"version-history":[{"count":57,"href":"https:\/\/cleanlaundryexpress.com\/es\/wp-json\/wp\/v2\/pages\/756\/revisions"}],"predecessor-version":[{"id":1101,"href":"https:\/\/cleanlaundryexpress.com\/es\/wp-json\/wp\/v2\/pages\/756\/revisions\/1101"}],"wp:attachment":[{"href":"https:\/\/cleanlaundryexpress.com\/es\/wp-json\/wp\/v2\/media?parent=756"}],"curies":[{"name":"gracias","href":"https:\/\/api.w.org\/{rel}","templated":true}]}}